{"id":507,"date":"2015-01-16T16:31:23","date_gmt":"2015-01-16T15:31:23","guid":{"rendered":"http:\/\/www.touslandartistes.fr\/?page_id=507"},"modified":"2023-01-31T18:20:25","modified_gmt":"2023-01-31T17:20:25","slug":"private","status":"publish","type":"page","link":"http:\/\/www.touslandartistes.fr\/?page_id=507","title":{"rendered":"Qi Gong"},"content":{"rendered":"<p><a href=\"http:\/\/www.touslandartistes.fr\/wp-content\/uploads\/2015\/01\/04-Lydie_Qi-gong-11_2021-Web.jpg\"><img decoding=\"async\" loading=\"lazy\" class=\"alignnone  wp-image-9285\" src=\"http:\/\/www.touslandartistes.fr\/wp-content\/uploads\/2015\/01\/04-Lydie_Qi-gong-11_2021-Web.jpg\" alt=\"04-Lydie_Qi-gong-11_2021-Web\" width=\"620\" height=\"554\" srcset=\"http:\/\/www.touslandartistes.fr\/wp-content\/uploads\/2015\/01\/04-Lydie_Qi-gong-11_2021-Web.jpg 888w, http:\/\/www.touslandartistes.fr\/wp-content\/uploads\/2015\/01\/04-Lydie_Qi-gong-11_2021-Web-150x134.jpg 150w, http:\/\/www.touslandartistes.fr\/wp-content\/uploads\/2015\/01\/04-Lydie_Qi-gong-11_2021-Web-300x268.jpg 300w\" sizes=\"(max-width: 620px) 100vw, 620px\" \/><\/a><\/p>\n<blockquote><p><strong>\u00a0Pourquoi le Qi Gong ?<\/strong><\/p><\/blockquote>\n<p>Faire du Land Art, c\u2019est <strong>aller \u00e0 la rencontre de la Nature<\/strong>. A travers des exp\u00e9riences sensorielles, la proximit\u00e9 avec le milieu naturel, et la d\u00e9couverte de notre cr\u00e9ativit\u00e9, c\u2019est aussi un moyen d\u2019<strong>aller \u00e0 la rencontre de soi-m\u00eame.<\/strong><\/p>\n<p>Le Land Art est donc l\u2019une des voies qui m\u00e8nent \u00e0 mieux nous conna\u00eetre et \u00e0 r\u00e9v\u00e9ler nos potentiels. Depuis 14 ans maintenant, je suis en parall\u00e8le une autre voie, celle du Qi Gong. <strong>Cet art \u00e9nerg\u00e9tique issu de la tradition chinoise a pour objectif de maintenir et d\u2019am\u00e9liorer la sant\u00e9, en aidant l\u2019homme \u00e0 trouver et appr\u00e9cier sa place dans son environnement<\/strong>. Les mouvements doux et lents, les postures et les m\u00e9ditations ont de nombreux effets b\u00e9n\u00e9fiques pour nous autres occidentaux\u00a0: <strong>le Qi Gong nous aide \u00e0 d\u00e9stresser, \u00e0 nous d\u00e9tendre, \u00e0 respirer, \u00e0 nous ressourcer\u2026 tout simplement \u00e0 \u00eatre bien dans notre corps, dans notre t\u00eate et dans notre c\u0153ur.<\/strong><\/p>\n<p>C\u2019est donc naturellement que j\u2019ai introduit, il y a de cela quelques ann\u00e9es, du Qi Gong dans certains de mes ateliers. J\u2019ai remarqu\u00e9 qu&rsquo;il \u00e9tait alors plus facile pour les participants de se mettre dans la pratique du Land Art, de s\u2019ouvrir aux possibilit\u00e9s offertes par la Nature, et de s\u2019ouvrir \u00e0 sa propre cr\u00e9ativit\u00e9.<\/p>\n<p><strong>Pratiquer le Qi Gong dans la Nature, c\u2019est profiter de tous les bienfaits de nos sensations corporelles stimul\u00e9es par le milieu naturel, et c\u2019est capter avec plus d\u2019intensit\u00e9 les \u00e9nergies de la Nature, pour notre plus grand bien.<\/strong><\/p>\n<p>Ces bienfaits m\u2019ont apparu tellement importants ces derniers temps, et\u00a0mon d\u00e9sir de vous aider \u00e0 vous reconnecter \u00e0 la Nature et \u00e0 vous-m\u00eame \u00e9tant toujours aussi fort (et m\u00eame plus fort\u00a0!) que j\u2019ai souhait\u00e9 donner une vraie place \u00e0 la <strong>pratique du Qi Gong<\/strong>.<\/p>\n<p>Je suis d\u00e9sormais professeur de Qi Gong et vous propose des <strong>cours hebdomadaires, des stages les week-end et des cours particuliers de Qi Gong<\/strong> sur le <strong>Plateau d&rsquo;Hauteville,\u00a0<\/strong> <strong>dans le Valromey, le Bugey et \u00e0 Aix-les-Bains.<\/strong><\/p>\n<p>Pour d\u00e9couvrir les stages de Qi Gong, voir le bandeau \u00ab\u00a0Prochains ateliers\u00a0\u00bb \u00e0 droite de la page.<\/p>\n","protected":false},"excerpt":{"rendered":"<p>\u00a0Pourquoi le Qi Gong ? Faire du Land Art, c\u2019est aller \u00e0 la rencontre de la Nature. A travers des exp\u00e9riences sensorielles, la proximit\u00e9 avec le milieu naturel, et la d\u00e9couverte de notre cr\u00e9ativit\u00e9, c\u2019est aussi un moyen d\u2019aller \u00e0 la rencontre de soi-m\u00eame. Le Land Art est donc l\u2019une des voies qui m\u00e8nent \u00e0 [&hellip;]<\/p>\n","protected":false},"author":1,"featured_media":0,"parent":0,"menu_order":0,"comment_status":"closed","ping_status":"closed","template":"","meta":[],"_links":{"self":[{"href":"http:\/\/www.touslandartistes.fr\/index.php?rest_route=\/wp\/v2\/pages\/507"}],"collection":[{"href":"http:\/\/www.touslandartistes.fr\/index.php?rest_route=\/wp\/v2\/pages"}],"about":[{"href":"http:\/\/www.touslandartistes.fr\/index.php?rest_route=\/wp\/v2\/types\/page"}],"author":[{"embeddable":true,"href":"http:\/\/www.touslandartistes.fr\/index.php?rest_route=\/wp\/v2\/users\/1"}],"replies":[{"embeddable":true,"href":"http:\/\/www.touslandartistes.fr\/index.php?rest_route=%2Fwp%2Fv2%2Fcomments&post=507"}],"version-history":[{"count":16,"href":"http:\/\/www.touslandartistes.fr\/index.php?rest_route=\/wp\/v2\/pages\/507\/revisions"}],"predecessor-version":[{"id":9291,"href":"http:\/\/www.touslandartistes.fr\/index.php?rest_route=\/wp\/v2\/pages\/507\/revisions\/9291"}],"wp:attachment":[{"href":"http:\/\/www.touslandartistes.fr\/index.php?rest_route=%2Fwp%2Fv2%2Fmedia&parent=507"}],"curies":[{"name":"wp","href":"https:\/\/api.w.org\/{rel}","templated":true}]}}